{"id":15633,"date":"2022-12-28T12:11:31","date_gmt":"2022-12-28T11:11:31","guid":{"rendered":"https:\/\/cn.quintustechnologies.com\/lettre-dinformation\/"},"modified":"2023-07-04T09:46:21","modified_gmt":"2023-07-04T07:46:21","slug":"lettre-dinformation","status":"publish","type":"page","link":"https:\/\/cn.quintustechnologies.com\/fr\/lettre-dinformation\/","title":{"rendered":"Lettre d&rsquo;information"},"content":{"rendered":"\t\t<div data-elementor-type=\"wp-page\" data-elementor-id=\"15633\" class=\"elementor elementor-15633 elementor-1162\" data-elementor-post-type=\"page\">\n\t\t\t\t<style>\n                .elementor-element-2467e5a{\n                --padding-top: var(--webien-padding-top-default);\n                --padding-right: var(--webien-padding-right-default);\n                --padding-bottom: var(--webien-padding-bottom-default);\n                --padding-left: var(--webien-padding-left-default);\n                }\n            <\/style><div class=\"webien-container-padding-default elementor-element elementor-element-2467e5a e-flex e-con-boxed e-con e-parent\" data-id=\"2467e5a\" data-element_type=\"container\" data-e-type=\"container\">\n\t\t\t\t\t<div class=\"e-con-inner\">\n\t\t\t\t<div class=\"elementor-element elementor-element-0501bcd elementor-widget elementor-widget-webien_breadcrumbs\" data-id=\"0501bcd\" data-element_type=\"widget\" data-e-type=\"widget\" data-widget_type=\"webien_breadcrumbs.default\">\n\t\t\t\t<div class=\"elementor-widget-container\">\n\t\t\t\t\t<script type=\"application\/ld+json\">{\"@context\":\"https:\/\/schema.org\",\"@type\":\"BreadcrumbList\",\"itemListElement\":[{\"@type\":\"ListItem\",\"position\":1,\"item\":{\"@id\":\"https:\/\/cn.quintustechnologies.com\/fr\/\",\"name\":\"Quintus\"}},{\"@type\":\"ListItem\",\"position\":2,\"item\":{\"@id\":\"https:\/\/cn.quintustechnologies.com\/fr\/lettre-dinformation\/\",\"name\":\"Lettre d'information\"}}]}<\/script>    <div class=\"breadcrumb-wrapper\">\n        <ul class=\"breadcrumbs\" id=\"breadcrumbs\">\n                                                                        <li class=\"item \">\n                                            <a href=\"https:\/\/cn.quintustechnologies.com\/fr\/\">Quintus<\/a>\n                                            <\/li>\n                                                                                        <li class=\"separator\">\n                            \/                        <\/li>\n                                            <li class=\"item current\">\n                                            <a href=\"https:\/\/cn.quintustechnologies.com\/fr\/lettre-dinformation\/\">Lettre d'information<\/a>\n                                            <\/li>\n                                    <\/ul>\n\n            <\/div>\n\t\t\t\t<\/div>\n\t\t\t\t<\/div>\n\t\t\t\t<div class=\"elementor-element elementor-element-19c941a elementor-widget elementor-widget-heading\" data-id=\"19c941a\" data-element_type=\"widget\" data-e-type=\"widget\" data-widget_type=\"heading.default\">\n\t\t\t\t<div class=\"elementor-widget-container\">\n\t\t\t\t\t<h1 class=\"elementor-heading-title elementor-size-default\">Abonnez-vous \u00e0 notre lettre d'information<\/h1>\t\t\t\t<\/div>\n\t\t\t\t<\/div>\n\t\t\t\t<div class=\"elementor-element elementor-element-d0efca4 elementor-widget elementor-widget-text-editor\" data-id=\"d0efca4\" data-element_type=\"widget\" data-e-type=\"widget\" data-widget_type=\"text-editor.default\">\n\t\t\t\t<div class=\"elementor-widget-container\">\n\t\t\t\t\t\t\t\t\t<p>Soyez le premier \u00e0 \u00eatre averti de nouvelles mises \u00e0 jour.<\/p>\n\t\t\t\t\t\t\t\t<\/div>\n\t\t\t\t<\/div>\n\t\t\t\t\t<\/div>\n\t\t\t\t<\/div>\n\t\t<style>\n                .elementor-element-8db4ec1{\n                --padding-top: var(--webien-padding-top-default);\n                --padding-right: var(--webien-padding-right-default);\n                --padding-bottom: var(--webien-padding-bottom-default);\n                --padding-left: var(--webien-padding-left-default);\n                }\n            <\/style><div class=\"webien-container-padding-default elementor-element elementor-element-8db4ec1 e-flex e-con-boxed e-con e-parent\" data-id=\"8db4ec1\" data-element_type=\"container\" data-e-type=\"container\">\n\t\t\t\t\t<div class=\"e-con-inner\">\n\t\t\t\t<div class=\"elementor-element elementor-element-153aa68 elementor-widget elementor-widget-html\" data-id=\"153aa68\" data-element_type=\"widget\" data-e-type=\"widget\" data-widget_type=\"html.default\">\n\t\t\t\t<div class=\"elementor-widget-container\">\n\t\t\t\t\t<iframe loading=\"lazy\" src=\"https:\/\/www2.quintustechnologies.com\/l\/228122\/2018-05-07\/3pclk\" height=\"500px\" width=\"100%\" title=\"Lettre d'information\"><\/iframe>\n\t\t\t\t<\/div>\n\t\t\t\t<\/div>\n\t\t\t\t\t<\/div>\n\t\t\t\t<\/div>\n\t\t\t\t<\/div>\n\t\t","protected":false},"excerpt":{"rendered":"<p>Quintus Abonnez-vous \u00e0 notre lettre d&rsquo;information Soyez le premier \u00e0 \u00eatre averti de nouvelles mises \u00e0 jour.<\/p>\n","protected":false},"author":1,"featured_media":0,"parent":0,"menu_order":-990,"comment_status":"closed","ping_status":"closed","template":"","meta":{"_acf_changed":false,"_relevanssi_hide_post":"","_relevanssi_hide_content":"","_relevanssi_pin_for_all":"","_relevanssi_pin_keywords":"","_relevanssi_unpin_keywords":"","_relevanssi_related_keywords":"","_relevanssi_related_include_ids":"","_relevanssi_related_exclude_ids":"","_relevanssi_related_no_append":"","_relevanssi_related_not_related":"","_relevanssi_related_posts":"","_relevanssi_noindex_reason":"","footnotes":""},"class_list":["post-15633","page","type-page","status-publish","hentry"],"acf":[],"_links":{"self":[{"href":"https:\/\/cn.quintustechnologies.com\/fr\/wp-json\/wp\/v2\/pages\/15633","targetHints":{"allow":["GET"]}}],"collection":[{"href":"https:\/\/cn.quintustechnologies.com\/fr\/wp-json\/wp\/v2\/pages"}],"about":[{"href":"https:\/\/cn.quintustechnologies.com\/fr\/wp-json\/wp\/v2\/types\/page"}],"author":[{"embeddable":true,"href":"https:\/\/cn.quintustechnologies.com\/fr\/wp-json\/wp\/v2\/users\/1"}],"replies":[{"embeddable":true,"href":"https:\/\/cn.quintustechnologies.com\/fr\/wp-json\/wp\/v2\/comments?post=15633"}],"version-history":[{"count":3,"href":"https:\/\/cn.quintustechnologies.com\/fr\/wp-json\/wp\/v2\/pages\/15633\/revisions"}],"predecessor-version":[{"id":21413,"href":"https:\/\/cn.quintustechnologies.com\/fr\/wp-json\/wp\/v2\/pages\/15633\/revisions\/21413"}],"wp:attachment":[{"href":"https:\/\/cn.quintustechnologies.com\/fr\/wp-json\/wp\/v2\/media?parent=15633"}],"curies":[{"name":"wp","href":"https:\/\/api.w.org\/{rel}","templated":true}]}}