{"id":15631,"date":"2022-12-28T12:11:31","date_gmt":"2022-12-28T11:11:31","guid":{"rendered":"https:\/\/cn.quintustechnologies.com\/contact\/"},"modified":"2023-08-22T10:32:57","modified_gmt":"2023-08-22T08:32:57","slug":"contact","status":"publish","type":"page","link":"https:\/\/cn.quintustechnologies.com\/fr\/contact\/","title":{"rendered":"Contact"},"content":{"rendered":"\t\t<div data-elementor-type=\"wp-page\" data-elementor-id=\"15631\" class=\"elementor elementor-15631 elementor-1158\" data-elementor-post-type=\"page\">\n\t\t\t\t<style>\n                .elementor-element-12eb136{\n                --padding-top: var(--webien-padding-top-default);\n                --padding-right: var(--webien-padding-right-default);\n                --padding-bottom: var(--webien-padding-bottom-default);\n                --padding-left: var(--webien-padding-left-default);\n                }\n            <\/style><div class=\"lazyload image-optimizer webien-az3ki8hufv webien-container-padding-default elementor-element elementor-element-12eb136 e-flex e-con-boxed e-con e-parent\" data-bgset=\"https:\/\/cn.quintustechnologies.com\/wp-content\/uploads\/2023\/02\/skarmavbild-2022-12-08-kl-0921-1.jpg\" data-original=\"https:\/\/cn.quintustechnologies.com\/wp-content\/uploads\/2023\/02\/skarmavbild-2022-12-08-kl-0921-1.jpg\" data-sizes=\"auto\" data-bgfit=\"cover\" data-bgpos=\"centre\" data-fullsizes=\"684x323\" data-customsizes=\"100|%\" data-custompositions=\"0px|0px\" data-useoriginal=\"0\" data-hasoverlay=\"1\" style=\"background-image:none;\" data-id=\"12eb136\" data-element_type=\"container\" data-e-type=\"container\" data-settings=\"{&quot;background_background&quot;:&quot;classic&quot;}\">\n\t\t\t\t\t<div class=\"e-con-inner\">\n\t\t\t\t<div class=\"elementor-element elementor-element-d635fb1 elementor-widget elementor-widget-webien_breadcrumbs\" data-id=\"d635fb1\" data-element_type=\"widget\" data-e-type=\"widget\" data-widget_type=\"webien_breadcrumbs.default\">\n\t\t\t\t<div class=\"elementor-widget-container\">\n\t\t\t\t\t<script type=\"application\/ld+json\">{\"@context\":\"https:\/\/schema.org\",\"@type\":\"BreadcrumbList\",\"itemListElement\":[{\"@type\":\"ListItem\",\"position\":1,\"item\":{\"@id\":\"https:\/\/cn.quintustechnologies.com\/fr\/\",\"name\":\"Quintus\"}},{\"@type\":\"ListItem\",\"position\":2,\"item\":{\"@id\":\"https:\/\/cn.quintustechnologies.com\/fr\/contact\/\",\"name\":\"Contact\"}}]}<\/script>    <div class=\"breadcrumb-wrapper\">\n        <ul class=\"breadcrumbs\" id=\"breadcrumbs\">\n                                                                        <li class=\"item \">\n                                            <a href=\"https:\/\/cn.quintustechnologies.com\/fr\/\">Quintus<\/a>\n                                            <\/li>\n                                                                                        <li class=\"separator\">\n                            \/                        <\/li>\n                                            <li class=\"item current\">\n                                            <a href=\"https:\/\/cn.quintustechnologies.com\/fr\/contact\/\">Contact<\/a>\n                                            <\/li>\n                                    <\/ul>\n\n            <\/div>\n\t\t\t\t<\/div>\n\t\t\t\t<\/div>\n\t\t\t\t<div class=\"elementor-element elementor-element-efdb3ee elementor-widget elementor-widget-heading\" data-id=\"efdb3ee\" data-element_type=\"widget\" data-e-type=\"widget\" data-widget_type=\"heading.default\">\n\t\t\t\t<div class=\"elementor-widget-container\">\n\t\t\t\t\t<h1 class=\"elementor-heading-title elementor-size-default\">Nous sommes l\u00e0 pour vous aider<\/h1>\t\t\t\t<\/div>\n\t\t\t\t<\/div>\n\t\t\t\t<div class=\"elementor-element elementor-element-f213aa3 elementor-widget elementor-widget-text-editor\" data-id=\"f213aa3\" data-element_type=\"widget\" data-e-type=\"widget\" data-widget_type=\"text-editor.default\">\n\t\t\t\t<div class=\"elementor-widget-container\">\n\t\t\t\t\t\t\t\t\t<p style=\"text-align: center;\">N&rsquo;h\u00e9sitez pas \u00e0 nous envoyer des questions ou des r\u00e9actions, \u00e0 nous soumettre des probl\u00e8mes techniques,\u00a0<span style=\"color: var( --e-global-color-7712b81 ); font-size: var( --e-global-typography-59436e8-font-size ); font-weight: var( --e-global-typography-59436e8-font-weight ); letter-spacing: var( --e-global-typography-59436e8-letter-spacing ); word-spacing: var( --e-global-typography-59436e8-word-spacing ); text-align: var(--text-align); font-family: -apple-system, BlinkMacSystemFont, 'Segoe UI', Roboto, 'Helvetica Neue', Arial, 'Noto Sans', sans-serif, 'Apple Color Emoji', 'Segoe UI Emoji', 'Segoe UI Symbol', 'Noto Color Emoji';\">\u00e0 r\u00e9server une visite<\/span><span style=\"color: var( --e-global-color-7712b81 ); font-size: var( --e-global-typography-59436e8-font-size ); font-weight: var( --e-global-typography-59436e8-font-weight ); letter-spacing: var( --e-global-typography-59436e8-letter-spacing ); word-spacing: var( --e-global-typography-59436e8-word-spacing ); text-align: var(--text-align); font-family: -apple-system, BlinkMacSystemFont, 'Segoe UI', Roboto, 'Helvetica Neue', Arial, 'Noto Sans', sans-serif, 'Apple Color Emoji', 'Segoe UI Emoji', 'Segoe UI Symbol', 'Noto Color Emoji';\">\u00a0ou simplement \u00e0 nous dire bonjour.<\/span><\/p>\t\t\t\t\t\t\t\t<\/div>\n\t\t\t\t<\/div>\n\t\t\t\t\t<\/div>\n\t\t\t\t<\/div>\n\t\t<style>\n                .elementor-element-191c272{\n                --padding-top: var(--webien-padding-top-m);\n                --padding-right: var(--webien-padding-right-m);\n                --padding-bottom: var(--webien-padding-bottom-m);\n                --padding-left: var(--webien-padding-left-m);\n                }\n            <\/style><div class=\"webien-container-padding-m elementor-element elementor-element-191c272 e-flex e-con-boxed e-con e-parent\" data-id=\"191c272\" data-element_type=\"container\" data-e-type=\"container\">\n\t\t\t\t\t<div class=\"e-con-inner\">\n\t\t\t\t<div class=\"elementor-element elementor-element-7405e7d elementor-widget elementor-widget-html\" data-id=\"7405e7d\" data-element_type=\"widget\" data-e-type=\"widget\" data-widget_type=\"html.default\">\n\t\t\t\t<div class=\"elementor-widget-container\">\n\t\t\t\t\t<iframe loading=\"lazy\" src=\"https:\/\/www2.quintustechnologies.com\/l\/228122\/2018-05-15\/3py9m\" height=\"600px\" width=\"100%\" title=\"Lettre d'information\"><\/iframe>\n\t\t\t\t<\/div>\n\t\t\t\t<\/div>\n\t\t\t\t\t<\/div>\n\t\t\t\t<\/div>\n\t\t<style>\n                .elementor-element-31bdcfe{\n                --padding-top: var(--webien-padding-top-m);\n                --padding-right: var(--webien-padding-right-m);\n                --padding-bottom: var(--webien-padding-bottom-m);\n                --padding-left: var(--webien-padding-left-m);\n                }\n            <\/style><div class=\"webien-container-padding-m elementor-element elementor-element-31bdcfe e-flex e-con-boxed e-con e-parent\" data-id=\"31bdcfe\" data-element_type=\"container\" data-e-type=\"container\" data-settings=\"{&quot;background_background&quot;:&quot;classic&quot;}\">\n\t\t\t\t\t<div class=\"e-con-inner\">\n\t\t\t\t<div class=\"elementor-element elementor-element-7412ed5 elementor-widget elementor-widget-heading\" data-id=\"7412ed5\" data-element_type=\"widget\" data-e-type=\"widget\" data-widget_type=\"heading.default\">\n\t\t\t\t<div class=\"elementor-widget-container\">\n\t\t\t\t\t<h2 class=\"elementor-heading-title elementor-size-default\">Nos bureaux<\/h2>\t\t\t\t<\/div>\n\t\t\t\t<\/div>\n\t\t<style>\n                .elementor-element-fc1f93a{\n                --padding-top: var(--webien-padding-top-none);\n                --padding-right: var(--webien-padding-right-none);\n                --padding-bottom: var(--webien-padding-bottom-none);\n                --padding-left: var(--webien-padding-left-none);\n                }\n            <\/style><div class=\"webien-container-padding-none elementor-element elementor-element-fc1f93a e-con-full e-flex e-con e-parent\" data-id=\"fc1f93a\" data-element_type=\"container\" data-e-type=\"container\">\n\t\t<style>\n                .elementor-element-b659b9a{\n                --padding-top: var(--webien-padding-top-none);\n                --padding-right: var(--webien-padding-right-none);\n                --padding-bottom: var(--webien-padding-bottom-none);\n                --padding-left: var(--webien-padding-left-none);\n                }\n            <\/style><div class=\"webien-container-padding-none elementor-element elementor-element-b659b9a e-flex e-con-boxed e-con e-parent\" data-id=\"b659b9a\" data-element_type=\"container\" data-e-type=\"container\">\n\t\t\t\t\t<div class=\"e-con-inner\">\n\t\t\t\t<div class=\"elementor-element elementor-element-5a5452d elementor-widget elementor-widget-heading\" data-id=\"5a5452d\" data-element_type=\"widget\" data-e-type=\"widget\" data-widget_type=\"heading.default\">\n\t\t\t\t<div class=\"elementor-widget-container\">\n\t\t\t\t\t<h3 class=\"elementor-heading-title elementor-size-default\">Europe<\/h3>\t\t\t\t<\/div>\n\t\t\t\t<\/div>\n\t\t\t\t<div class=\"elementor-element elementor-element-4ff549d elementor-widget elementor-widget-text-editor\" data-id=\"4ff549d\" data-element_type=\"widget\" data-e-type=\"widget\" data-widget_type=\"text-editor.default\">\n\t\t\t\t<div class=\"elementor-widget-container\">\n\t\t\t\t\t\t\t\t\t<p><strong>Quintus Technologies AB<\/strong><br \/>\nQuintusv\u00e4gen 2,<br \/>\n721 66 V\u00e4ster\u00e5s, Su\u00e8de<br \/>\nT\u00e9l\u00e9phone: <a href=\"tel:+46 21 32 70 00\">+46 21 32 70 00<\/a><\/p>\n<p><a href=\"https:\/\/goo.gl\/maps\/eCiCuB3opg2xRp3t6?coh=178572&amp;entry=tt\" target=\"_blank\" rel=\"noopener\">Obtenir des indications<\/a><\/p>\n<p><b>Support technique<br \/>\n<\/b><a href=\"mailto:support@quintusteam.se\" target=\"_blank\" rel=\"noopener\">support@quintusteam.se<\/a><br \/>\nT\u00e9l\u00e9phone: <a href=\"tel:+46 21 32 70 00\">+46 21 32 70 00<\/a><\/p>\n\t\t\t\t\t\t\t\t<\/div>\n\t\t\t\t<\/div>\n\t\t\t\t\t<\/div>\n\t\t\t\t<\/div>\n\t\t<style>\n                .elementor-element-dc06f32{\n                --padding-top: var(--webien-padding-top-none);\n                --padding-right: var(--webien-padding-right-none);\n                --padding-bottom: var(--webien-padding-bottom-none);\n                --padding-left: var(--webien-padding-left-none);\n                }\n            <\/style><div class=\"webien-container-padding-none elementor-element elementor-element-dc06f32 e-flex e-con-boxed e-con e-parent\" data-id=\"dc06f32\" data-element_type=\"container\" data-e-type=\"container\">\n\t\t\t\t\t<div class=\"e-con-inner\">\n\t\t\t\t<div class=\"elementor-element elementor-element-0e5d6aa elementor-widget elementor-widget-heading\" data-id=\"0e5d6aa\" data-element_type=\"widget\" data-e-type=\"widget\" data-widget_type=\"heading.default\">\n\t\t\t\t<div class=\"elementor-widget-container\">\n\t\t\t\t\t<h3 class=\"elementor-heading-title elementor-size-default\">Am\u00e9rique<\/h3>\t\t\t\t<\/div>\n\t\t\t\t<\/div>\n\t\t\t\t<div class=\"elementor-element elementor-element-e726fbe elementor-widget elementor-widget-text-editor\" data-id=\"e726fbe\" data-element_type=\"widget\" data-e-type=\"widget\" data-widget_type=\"text-editor.default\">\n\t\t\t\t<div class=\"elementor-widget-container\">\n\t\t\t\t\t\t\t\t\t<p><strong>Quintus Technologies LLC<\/strong><br \/>\n8270 Green Meadows Drive N<br \/>\nLewis Center, Ohio 43035<br \/>\nT\u00e9l\u00e9phone: <a href=\"tel:+1 614 891 2732\">+1 614 891 2732<\/a><\/p>\n<p><a href=\"https:\/\/goo.gl\/maps\/ejWczXWMCCTQ8q7q7?coh=178572&amp;entry=tt\" target=\"_blank\" rel=\"noopener\">Obtenir des indications<\/a><\/p>\n<p><b>Support technique<\/b><br \/>\n<a href=\"mailto:support@quintusteam.com\" target=\"_blank\" rel=\"noopener\">support@quintusteam.com<\/a><br \/>\nT\u00e9l\u00e9phone: <a href=\"tel:+1 614 891 2732\">+1 614 891 2732<\/a><b><br \/>\n<\/b><\/p>\n\t\t\t\t\t\t\t\t<\/div>\n\t\t\t\t<\/div>\n\t\t\t\t\t<\/div>\n\t\t\t\t<\/div>\n\t\t<style>\n                .elementor-element-0bc5cd2{\n                --padding-top: var(--webien-padding-top-none);\n                --padding-right: var(--webien-padding-right-none);\n                --padding-bottom: var(--webien-padding-bottom-none);\n                --padding-left: var(--webien-padding-left-none);\n                }\n            <\/style><div class=\"webien-container-padding-none elementor-element elementor-element-0bc5cd2 e-flex e-con-boxed e-con e-parent\" data-id=\"0bc5cd2\" data-element_type=\"container\" data-e-type=\"container\">\n\t\t\t\t\t<div class=\"e-con-inner\">\n\t\t\t\t<div class=\"elementor-element elementor-element-7c1c3de elementor-widget elementor-widget-spacer\" data-id=\"7c1c3de\" data-element_type=\"widget\" data-e-type=\"widget\" data-widget_type=\"spacer.default\">\n\t\t\t\t<div class=\"elementor-widget-container\">\n\t\t\t\t\t\t\t<div class=\"elementor-spacer\">\n\t\t\t<div class=\"elementor-spacer-inner\"><\/div>\n\t\t<\/div>\n\t\t\t\t\t\t<\/div>\n\t\t\t\t<\/div>\n\t\t\t\t\t<\/div>\n\t\t\t\t<\/div>\n\t\t\t\t<\/div>\n\t\t<style>\n                .elementor-element-0079994{\n                --padding-top: var(--webien-padding-top-none);\n                --padding-right: var(--webien-padding-right-none);\n                --padding-bottom: var(--webien-padding-bottom-none);\n                --padding-left: var(--webien-padding-left-none);\n                }\n            <\/style><div class=\"webien-container-padding-none elementor-element elementor-element-0079994 e-con-full e-flex e-con e-parent\" data-id=\"0079994\" data-element_type=\"container\" data-e-type=\"container\">\n\t\t<style>\n                .elementor-element-4423182{\n                --padding-top: var(--webien-padding-top-none);\n                --padding-right: var(--webien-padding-right-none);\n                --padding-bottom: var(--webien-padding-bottom-none);\n                --padding-left: var(--webien-padding-left-none);\n                }\n            <\/style><div class=\"webien-container-padding-none elementor-element elementor-element-4423182 e-flex e-con-boxed e-con e-parent\" data-id=\"4423182\" data-element_type=\"container\" data-e-type=\"container\">\n\t\t\t\t\t<div class=\"e-con-inner\">\n\t\t\t\t<div class=\"elementor-element elementor-element-e7c0d9c elementor-widget elementor-widget-heading\" data-id=\"e7c0d9c\" data-element_type=\"widget\" data-e-type=\"widget\" data-widget_type=\"heading.default\">\n\t\t\t\t<div class=\"elementor-widget-container\">\n\t\t\t\t\t<h3 class=\"elementor-heading-title elementor-size-default\">Asie - Chine<\/h3>\t\t\t\t<\/div>\n\t\t\t\t<\/div>\n\t\t\t\t<div class=\"elementor-element elementor-element-db1200c elementor-widget elementor-widget-text-editor\" data-id=\"db1200c\" data-element_type=\"widget\" data-e-type=\"widget\" data-widget_type=\"text-editor.default\">\n\t\t\t\t<div class=\"elementor-widget-container\">\n\t\t\t\t\t\t\t\t\t<p><strong>Quintus Technologies Co.,Ltd<\/strong><br \/>\nRoom 906, 9F, Verdant Place<br \/>\n128 West Nanjing Road, Shanghai, China<br \/>\nT\u00e9l\u00e9phone: <a href=\"tel:+86 21 5234 0233\">+86 21 5234 0233<\/a><\/p>\n<p><a href=\"https:\/\/goo.gl\/maps\/1H4m8bfb8astt8oJ6?coh=178572&amp;entry=tt\" target=\"_blank\" rel=\"noopener\">Obtenir des indications<\/a><\/p>\n<p><b>Support technique<\/b><br \/>\n<a href=\"mailto:support.apac@quintusteam.com\" target=\"_blank\" rel=\"noopener\">support.apac@quintusteam.com<\/a><br \/>\nT\u00e9l\u00e9phone: <a href=\"tel:+86 21 5234 0233\">+86 21 5234 0233<\/a><\/p>\n\t\t\t\t\t\t\t\t<\/div>\n\t\t\t\t<\/div>\n\t\t\t\t\t<\/div>\n\t\t\t\t<\/div>\n\t\t<style>\n                .elementor-element-d1e05f2{\n                --padding-top: var(--webien-padding-top-none);\n                --padding-right: var(--webien-padding-right-none);\n                --padding-bottom: var(--webien-padding-bottom-none);\n                --padding-left: var(--webien-padding-left-none);\n                }\n            <\/style><div class=\"webien-container-padding-none elementor-element elementor-element-d1e05f2 e-flex e-con-boxed e-con e-parent\" data-id=\"d1e05f2\" data-element_type=\"container\" data-e-type=\"container\">\n\t\t\t\t\t<div class=\"e-con-inner\">\n\t\t\t\t<div class=\"elementor-element elementor-element-c65d742 elementor-widget elementor-widget-heading\" data-id=\"c65d742\" data-element_type=\"widget\" data-e-type=\"widget\" data-widget_type=\"heading.default\">\n\t\t\t\t<div class=\"elementor-widget-container\">\n\t\t\t\t\t<h3 class=\"elementor-heading-title elementor-size-default\">Asie - Japonais<\/h3>\t\t\t\t<\/div>\n\t\t\t\t<\/div>\n\t\t\t\t<div class=\"elementor-element elementor-element-97aa3d0 elementor-widget elementor-widget-text-editor\" data-id=\"97aa3d0\" data-element_type=\"widget\" data-e-type=\"widget\" data-widget_type=\"text-editor.default\">\n\t\t\t\t<div class=\"elementor-widget-container\">\n\t\t\t\t\t\t\t\t\t<p><strong>Quintus Technologies<\/strong><br \/>\n9-12, Kitashinagawa 5-chome, Shinagawa-ku<br \/>\nTokyo, 141-8688, Japan<br \/>\nT\u00e9l\u00e9phone: <a href=\"tel:+81-3-5739-6762\">+81-3-5739-6762<\/a><\/p>\n<p><a href=\"https:\/\/goo.gl\/maps\/B48dNPvd2XC48KCR9\" target=\"_blank\" rel=\"noopener\">Obtenir des indications<\/a><\/p>\n<p><b>Support technique<\/b><br \/>\n<a href=\"mailto:support.apac@quintusteam.com\" target=\"_blank\" rel=\"noopener\">support.apac@quintusteam.com<\/a><br \/>\nT\u00e9l\u00e9phone: <a href=\"tel:+86 21 5234 0233\">+86 21 5234 0233<\/a><\/p>\n\t\t\t\t\t\t\t\t<\/div>\n\t\t\t\t<\/div>\n\t\t\t\t\t<\/div>\n\t\t\t\t<\/div>\n\t\t<style>\n                .elementor-element-efa5dd7{\n                --padding-top: var(--webien-padding-top-none);\n                --padding-right: var(--webien-padding-right-none);\n                --padding-bottom: var(--webien-padding-bottom-none);\n                --padding-left: var(--webien-padding-left-none);\n                }\n            <\/style><div class=\"webien-container-padding-none elementor-element elementor-element-efa5dd7 e-flex e-con-boxed e-con e-parent\" data-id=\"efa5dd7\" data-element_type=\"container\" data-e-type=\"container\">\n\t\t\t\t\t<div class=\"e-con-inner\">\n\t\t\t\t<div class=\"elementor-element elementor-element-285a16a elementor-widget elementor-widget-heading\" data-id=\"285a16a\" data-element_type=\"widget\" data-e-type=\"widget\" data-widget_type=\"heading.default\">\n\t\t\t\t<div class=\"elementor-widget-container\">\n\t\t\t\t\t<h3 class=\"elementor-heading-title elementor-size-default\">Asie - Cor\u00e9e du Sud<\/h3>\t\t\t\t<\/div>\n\t\t\t\t<\/div>\n\t\t\t\t<div class=\"elementor-element elementor-element-b62316e elementor-widget elementor-widget-text-editor\" data-id=\"b62316e\" data-element_type=\"widget\" data-e-type=\"widget\" data-widget_type=\"text-editor.default\">\n\t\t\t\t<div class=\"elementor-widget-container\">\n\t\t\t\t\t\t\t\t\t<p><strong>Quintus Technologies<\/strong><br \/>\n11th floor, 131 (Shinil Building)<br \/>\nToegye-ro, Jung-gu, 04537, Seoul, Korea<br \/>\nT\u00e9l\u00e9phone: <a href=\"tel:+82 (0)70-77 47 39 21\">+82 (0)70-77 47 39 21<\/a><\/p>\n<p><a href=\"https:\/\/goo.gl\/maps\/wKuKNJPEPEu1K8FVA\" target=\"_blank\" rel=\"noopener\">Obtenir des indications<\/a><\/p>\n<p><b>Support technique<\/b><br \/>\n<a href=\"mailto:support.apac@quintusteam.com\" target=\"_blank\" rel=\"noopener\">support.apac@quintusteam.com<\/a><br \/>\nT\u00e9l\u00e9phone: <a href=\"tel:+86 21 5234 0233\">+86 21 5234 0233<\/a><\/p>\n\t\t\t\t\t\t\t\t<\/div>\n\t\t\t\t<\/div>\n\t\t\t\t\t<\/div>\n\t\t\t\t<\/div>\n\t\t\t\t<\/div>\n\t\t\t\t\t<\/div>\n\t\t\t\t<\/div>\n\t\t\t\t<\/div>\n\t\t","protected":false},"excerpt":{"rendered":"<p>Quintus \/ Service et soutien \/ Contact Nous sommes l\u00e0 pour vous aider N&rsquo;h\u00e9sitez pas \u00e0 nous envoyer des questions ou des r\u00e9actions, \u00e0 nous soumettre des probl\u00e8mes techniques,\u00a0\u00e0 r\u00e9server une visite\u00a0ou simplement \u00e0 nous dire bonjour. Nos bureaux Europe Am\u00e9rique Asie &#8211; Chine Asie &#8211; Japonais Asie &#8211; Cor\u00e9e du Sud<\/p>\n","protected":false},"author":1,"featured_media":0,"parent":0,"menu_order":-994,"comment_status":"closed","ping_status":"closed","template":"","meta":{"_acf_changed":false,"_relevanssi_hide_post":"","_relevanssi_hide_content":"","_relevanssi_pin_for_all":"","_relevanssi_pin_keywords":"","_relevanssi_unpin_keywords":"","_relevanssi_related_keywords":"","_relevanssi_related_include_ids":"","_relevanssi_related_exclude_ids":"","_relevanssi_related_no_append":"","_relevanssi_related_not_related":"","_relevanssi_related_posts":"","_relevanssi_noindex_reason":"","footnotes":""},"class_list":["post-15631","page","type-page","status-publish","hentry"],"acf":[],"_links":{"self":[{"href":"https:\/\/cn.quintustechnologies.com\/fr\/wp-json\/wp\/v2\/pages\/15631","targetHints":{"allow":["GET"]}}],"collection":[{"href":"https:\/\/cn.quintustechnologies.com\/fr\/wp-json\/wp\/v2\/pages"}],"about":[{"href":"https:\/\/cn.quintustechnologies.com\/fr\/wp-json\/wp\/v2\/types\/page"}],"author":[{"embeddable":true,"href":"https:\/\/cn.quintustechnologies.com\/fr\/wp-json\/wp\/v2\/users\/1"}],"replies":[{"embeddable":true,"href":"https:\/\/cn.quintustechnologies.com\/fr\/wp-json\/wp\/v2\/comments?post=15631"}],"version-history":[{"count":10,"href":"https:\/\/cn.quintustechnologies.com\/fr\/wp-json\/wp\/v2\/pages\/15631\/revisions"}],"predecessor-version":[{"id":24590,"href":"https:\/\/cn.quintustechnologies.com\/fr\/wp-json\/wp\/v2\/pages\/15631\/revisions\/24590"}],"wp:attachment":[{"href":"https:\/\/cn.quintustechnologies.com\/fr\/wp-json\/wp\/v2\/media?parent=15631"}],"curies":[{"name":"wp","href":"https:\/\/api.w.org\/{rel}","templated":true}]}}