{"id":12958,"date":"2022-12-28T12:11:31","date_gmt":"2022-12-28T11:11:31","guid":{"rendered":"https:\/\/cn.quintustechnologies.com\/xxxxxxx-xxxxxxx\/contacto\/"},"modified":"2023-08-22T10:35:33","modified_gmt":"2023-08-22T08:35:33","slug":"contacto","status":"publish","type":"page","link":"https:\/\/cn.quintustechnologies.com\/es\/contacto\/","title":{"rendered":"Comunicaci\u00f3n"},"content":{"rendered":"\t\t<div data-elementor-type=\"wp-page\" data-elementor-id=\"12958\" class=\"elementor elementor-12958 elementor-1158\" data-elementor-post-type=\"page\">\n\t\t\t\t<style>\n                .elementor-element-12eb136{\n                --padding-top: var(--webien-padding-top-default);\n                --padding-right: var(--webien-padding-right-default);\n                --padding-bottom: var(--webien-padding-bottom-default);\n                --padding-left: var(--webien-padding-left-default);\n                }\n            <\/style><div class=\"lazyload image-optimizer webien-qqwyfrhazg webien-container-padding-default elementor-element elementor-element-12eb136 e-flex e-con-boxed e-con e-parent\" data-bgset=\"https:\/\/cn.quintustechnologies.com\/wp-content\/uploads\/2023\/02\/skarmavbild-2022-12-08-kl-0921-1.jpg\" data-original=\"https:\/\/cn.quintustechnologies.com\/wp-content\/uploads\/2023\/02\/skarmavbild-2022-12-08-kl-0921-1.jpg\" data-sizes=\"auto\" data-bgfit=\"cover\" data-bgpos=\"centre\" data-fullsizes=\"684x323\" data-customsizes=\"100|%\" data-custompositions=\"0px|0px\" data-useoriginal=\"0\" data-hasoverlay=\"1\" style=\"background-image:none;\" data-id=\"12eb136\" data-element_type=\"container\" data-e-type=\"container\" data-settings=\"{&quot;background_background&quot;:&quot;classic&quot;}\">\n\t\t\t\t\t<div class=\"e-con-inner\">\n\t\t\t\t<div class=\"elementor-element elementor-element-d635fb1 elementor-widget elementor-widget-webien_breadcrumbs\" data-id=\"d635fb1\" data-element_type=\"widget\" data-e-type=\"widget\" data-widget_type=\"webien_breadcrumbs.default\">\n\t\t\t\t<div class=\"elementor-widget-container\">\n\t\t\t\t\t<script type=\"application\/ld+json\">{\"@context\":\"https:\/\/schema.org\",\"@type\":\"BreadcrumbList\",\"itemListElement\":[{\"@type\":\"ListItem\",\"position\":1,\"item\":{\"@id\":\"https:\/\/cn.quintustechnologies.com\/es\/\",\"name\":\"Quintus\"}},{\"@type\":\"ListItem\",\"position\":2,\"item\":{\"@id\":\"https:\/\/cn.quintustechnologies.com\/es\/contacto\/\",\"name\":\"Comunicaci\u00f3n\"}}]}<\/script>    <div class=\"breadcrumb-wrapper\">\n        <ul class=\"breadcrumbs\" id=\"breadcrumbs\">\n                                                                        <li class=\"item \">\n                                            <a href=\"https:\/\/cn.quintustechnologies.com\/es\/\">Quintus<\/a>\n                                            <\/li>\n                                                                                        <li class=\"separator\">\n                            \/                        <\/li>\n                                            <li class=\"item current\">\n                                            <a href=\"https:\/\/cn.quintustechnologies.com\/es\/contacto\/\">Comunicaci\u00f3n<\/a>\n                                            <\/li>\n                                    <\/ul>\n\n            <\/div>\n\t\t\t\t<\/div>\n\t\t\t\t<\/div>\n\t\t\t\t<div class=\"elementor-element elementor-element-efdb3ee elementor-widget elementor-widget-heading\" data-id=\"efdb3ee\" data-element_type=\"widget\" data-e-type=\"widget\" data-widget_type=\"heading.default\">\n\t\t\t\t<div class=\"elementor-widget-container\">\n\t\t\t\t\t<h1 class=\"elementor-heading-title elementor-size-default\">Estamos aqu\u00ed para ayudarle<\/h1>\t\t\t\t<\/div>\n\t\t\t\t<\/div>\n\t\t\t\t<div class=\"elementor-element elementor-element-f213aa3 elementor-widget elementor-widget-text-editor\" data-id=\"f213aa3\" data-element_type=\"widget\" data-e-type=\"widget\" data-widget_type=\"text-editor.default\">\n\t\t\t\t<div class=\"elementor-widget-container\">\n\t\t\t\t\t\t\t\t\t<p style=\"text-align: center;\">No dude en comunicarse con nosotros para hacernos llegar sus preguntas, comentarios o problemas t\u00e9cnicos,\u00a0<span style=\"color: var( --e-global-color-7712b81 ); font-size: var( --e-global-typography-59436e8-font-size ); font-weight: var( --e-global-typography-59436e8-font-weight ); letter-spacing: var( --e-global-typography-59436e8-letter-spacing ); word-spacing: var( --e-global-typography-59436e8-word-spacing ); text-align: var(--text-align); font-family: -apple-system, BlinkMacSystemFont, 'Segoe UI', Roboto, 'Helvetica Neue', Arial, 'Noto Sans', sans-serif, 'Apple Color Emoji', 'Segoe UI Emoji', 'Segoe UI Symbol', 'Noto Color Emoji';\">concertar una visita<\/span><span style=\"color: var( --e-global-color-7712b81 ); font-size: var( --e-global-typography-59436e8-font-size ); font-weight: var( --e-global-typography-59436e8-font-weight ); letter-spacing: var( --e-global-typography-59436e8-letter-spacing ); word-spacing: var( --e-global-typography-59436e8-word-spacing ); text-align: var(--text-align); font-family: -apple-system, BlinkMacSystemFont, 'Segoe UI', Roboto, 'Helvetica Neue', Arial, 'Noto Sans', sans-serif, 'Apple Color Emoji', 'Segoe UI Emoji', 'Segoe UI Symbol', 'Noto Color Emoji';\">\u00a0o simplemente saludar.<\/span><\/p>\t\t\t\t\t\t\t\t<\/div>\n\t\t\t\t<\/div>\n\t\t\t\t\t<\/div>\n\t\t\t\t<\/div>\n\t\t<style>\n                .elementor-element-191c272{\n                --padding-top: var(--webien-padding-top-m);\n                --padding-right: var(--webien-padding-right-m);\n                --padding-bottom: var(--webien-padding-bottom-m);\n                --padding-left: var(--webien-padding-left-m);\n                }\n            <\/style><div class=\"webien-container-padding-m elementor-element elementor-element-191c272 e-flex e-con-boxed e-con e-parent\" data-id=\"191c272\" data-element_type=\"container\" data-e-type=\"container\">\n\t\t\t\t\t<div class=\"e-con-inner\">\n\t\t\t\t<div class=\"elementor-element elementor-element-7405e7d elementor-widget elementor-widget-html\" data-id=\"7405e7d\" data-element_type=\"widget\" data-e-type=\"widget\" data-widget_type=\"html.default\">\n\t\t\t\t<div class=\"elementor-widget-container\">\n\t\t\t\t\t<iframe loading=\"lazy\" src=\"https:\/\/www2.quintustechnologies.com\/l\/228122\/2018-05-15\/3py9m\" height=\"600px\" width=\"100%\" title=\"Bolet\u00edn informativo\"><\/iframe>\n\t\t\t\t<\/div>\n\t\t\t\t<\/div>\n\t\t\t\t\t<\/div>\n\t\t\t\t<\/div>\n\t\t<style>\n                .elementor-element-31bdcfe{\n                --padding-top: var(--webien-padding-top-m);\n                --padding-right: var(--webien-padding-right-m);\n                --padding-bottom: var(--webien-padding-bottom-m);\n                --padding-left: var(--webien-padding-left-m);\n                }\n            <\/style><div class=\"webien-container-padding-m elementor-element elementor-element-31bdcfe e-flex e-con-boxed e-con e-parent\" data-id=\"31bdcfe\" data-element_type=\"container\" data-e-type=\"container\" data-settings=\"{&quot;background_background&quot;:&quot;classic&quot;}\">\n\t\t\t\t\t<div class=\"e-con-inner\">\n\t\t\t\t<div class=\"elementor-element elementor-element-7412ed5 elementor-widget elementor-widget-heading\" data-id=\"7412ed5\" data-element_type=\"widget\" data-e-type=\"widget\" data-widget_type=\"heading.default\">\n\t\t\t\t<div class=\"elementor-widget-container\">\n\t\t\t\t\t<h2 class=\"elementor-heading-title elementor-size-default\">Nuestras oficinas<\/h2>\t\t\t\t<\/div>\n\t\t\t\t<\/div>\n\t\t<style>\n                .elementor-element-fc1f93a{\n                --padding-top: var(--webien-padding-top-none);\n                --padding-right: var(--webien-padding-right-none);\n                --padding-bottom: var(--webien-padding-bottom-none);\n                --padding-left: var(--webien-padding-left-none);\n                }\n            <\/style><div class=\"webien-container-padding-none elementor-element elementor-element-fc1f93a e-con-full e-flex e-con e-parent\" data-id=\"fc1f93a\" data-element_type=\"container\" data-e-type=\"container\">\n\t\t<style>\n                .elementor-element-b659b9a{\n                --padding-top: var(--webien-padding-top-none);\n                --padding-right: var(--webien-padding-right-none);\n                --padding-bottom: var(--webien-padding-bottom-none);\n                --padding-left: var(--webien-padding-left-none);\n                }\n            <\/style><div class=\"webien-container-padding-none elementor-element elementor-element-b659b9a e-flex e-con-boxed e-con e-parent\" data-id=\"b659b9a\" data-element_type=\"container\" data-e-type=\"container\">\n\t\t\t\t\t<div class=\"e-con-inner\">\n\t\t\t\t<div class=\"elementor-element elementor-element-5a5452d elementor-widget elementor-widget-heading\" data-id=\"5a5452d\" data-element_type=\"widget\" data-e-type=\"widget\" data-widget_type=\"heading.default\">\n\t\t\t\t<div class=\"elementor-widget-container\">\n\t\t\t\t\t<h3 class=\"elementor-heading-title elementor-size-default\">Europa<\/h3>\t\t\t\t<\/div>\n\t\t\t\t<\/div>\n\t\t\t\t<div class=\"elementor-element elementor-element-4ff549d elementor-widget elementor-widget-text-editor\" data-id=\"4ff549d\" data-element_type=\"widget\" data-e-type=\"widget\" data-widget_type=\"text-editor.default\">\n\t\t\t\t<div class=\"elementor-widget-container\">\n\t\t\t\t\t\t\t\t\t<p><strong>Quintus Technologies AB<\/strong><br \/>\nQuintusv\u00e4gen 2,<br \/>\n721 66 V\u00e4ster\u00e5s, Suecia<br \/>\nTel\u00e9fono: <a href=\"tel:+46 21 32 70 00\">+46 21 32 70 00<\/a><\/p>\n<p><a href=\"https:\/\/goo.gl\/maps\/eCiCuB3opg2xRp3t6?coh=178572&amp;entry=tt\" target=\"_blank\" rel=\"noopener\">Obtener indicaciones<\/a><\/p>\n<p><b>Soporte t\u00e9cnico<br \/>\n<\/b><a href=\"mailto:support@quintusteam.se\" target=\"_blank\" rel=\"noopener\">support@quintusteam.se<\/a><br \/>\nTel\u00e9fono: <a href=\"tel:+46 21 32 70 00\">+46 21 32 70 00<\/a><\/p>\n\t\t\t\t\t\t\t\t<\/div>\n\t\t\t\t<\/div>\n\t\t\t\t\t<\/div>\n\t\t\t\t<\/div>\n\t\t<style>\n                .elementor-element-dc06f32{\n                --padding-top: var(--webien-padding-top-none);\n                --padding-right: var(--webien-padding-right-none);\n                --padding-bottom: var(--webien-padding-bottom-none);\n                --padding-left: var(--webien-padding-left-none);\n                }\n            <\/style><div class=\"webien-container-padding-none elementor-element elementor-element-dc06f32 e-flex e-con-boxed e-con e-parent\" data-id=\"dc06f32\" data-element_type=\"container\" data-e-type=\"container\">\n\t\t\t\t\t<div class=\"e-con-inner\">\n\t\t\t\t<div class=\"elementor-element elementor-element-0e5d6aa elementor-widget elementor-widget-heading\" data-id=\"0e5d6aa\" data-element_type=\"widget\" data-e-type=\"widget\" data-widget_type=\"heading.default\">\n\t\t\t\t<div class=\"elementor-widget-container\">\n\t\t\t\t\t<h3 class=\"elementor-heading-title elementor-size-default\">Am\u00e9rica<\/h3>\t\t\t\t<\/div>\n\t\t\t\t<\/div>\n\t\t\t\t<div class=\"elementor-element elementor-element-e726fbe elementor-widget elementor-widget-text-editor\" data-id=\"e726fbe\" data-element_type=\"widget\" data-e-type=\"widget\" data-widget_type=\"text-editor.default\">\n\t\t\t\t<div class=\"elementor-widget-container\">\n\t\t\t\t\t\t\t\t\t<p><strong>Quintus Technologies LLC<\/strong><br \/>\n8270 Green Meadows Drive N<br \/>\nLewis Center, Ohio 43035<br \/>\nTel\u00e9fono: <a href=\"tel:+1 614 891 2732\">+1 614 891 2732<\/a><\/p>\n<p><a href=\"https:\/\/goo.gl\/maps\/ejWczXWMCCTQ8q7q7?coh=178572&amp;entry=tt\" target=\"_blank\" rel=\"noopener\">Obtener indicaciones<\/a><\/p>\n<p><b>Soporte t\u00e9cnico<\/b><br \/>\n<a href=\"mailto:support@quintusteam.com\" target=\"_blank\" rel=\"noopener\">support@quintusteam.com<\/a><br \/>\nTel\u00e9fono: <a href=\"tel:+1 614 891 2732\">+1 614 891 2732<\/a><\/p>\n\t\t\t\t\t\t\t\t<\/div>\n\t\t\t\t<\/div>\n\t\t\t\t\t<\/div>\n\t\t\t\t<\/div>\n\t\t<style>\n                .elementor-element-5ea22ea{\n                --padding-top: var(--webien-padding-top-none);\n                --padding-right: var(--webien-padding-right-none);\n                --padding-bottom: var(--webien-padding-bottom-none);\n                --padding-left: var(--webien-padding-left-none);\n                }\n            <\/style><div class=\"webien-container-padding-none elementor-element elementor-element-5ea22ea e-flex e-con-boxed e-con e-parent\" data-id=\"5ea22ea\" data-element_type=\"container\" data-e-type=\"container\">\n\t\t\t\t\t<div class=\"e-con-inner\">\n\t\t\t\t<div class=\"elementor-element elementor-element-34e804f elementor-widget elementor-widget-spacer\" data-id=\"34e804f\" data-element_type=\"widget\" data-e-type=\"widget\" data-widget_type=\"spacer.default\">\n\t\t\t\t<div class=\"elementor-widget-container\">\n\t\t\t\t\t\t\t<div class=\"elementor-spacer\">\n\t\t\t<div class=\"elementor-spacer-inner\"><\/div>\n\t\t<\/div>\n\t\t\t\t\t\t<\/div>\n\t\t\t\t<\/div>\n\t\t\t\t\t<\/div>\n\t\t\t\t<\/div>\n\t\t\t\t<\/div>\n\t\t<style>\n                .elementor-element-1843fae{\n                --padding-top: var(--webien-padding-top-none);\n                --padding-right: var(--webien-padding-right-none);\n                --padding-bottom: var(--webien-padding-bottom-none);\n                --padding-left: var(--webien-padding-left-none);\n                }\n            <\/style><div class=\"webien-container-padding-none elementor-element elementor-element-1843fae e-con-full e-flex e-con e-parent\" data-id=\"1843fae\" data-element_type=\"container\" data-e-type=\"container\">\n\t\t<style>\n                .elementor-element-4423182{\n                --padding-top: var(--webien-padding-top-none);\n                --padding-right: var(--webien-padding-right-none);\n                --padding-bottom: var(--webien-padding-bottom-none);\n                --padding-left: var(--webien-padding-left-none);\n                }\n            <\/style><div class=\"webien-container-padding-none elementor-element elementor-element-4423182 e-flex e-con-boxed e-con e-parent\" data-id=\"4423182\" data-element_type=\"container\" data-e-type=\"container\">\n\t\t\t\t\t<div class=\"e-con-inner\">\n\t\t\t\t<div class=\"elementor-element elementor-element-e7c0d9c elementor-widget elementor-widget-heading\" data-id=\"e7c0d9c\" data-element_type=\"widget\" data-e-type=\"widget\" data-widget_type=\"heading.default\">\n\t\t\t\t<div class=\"elementor-widget-container\">\n\t\t\t\t\t<h3 class=\"elementor-heading-title elementor-size-default\">Asia - China<\/h3>\t\t\t\t<\/div>\n\t\t\t\t<\/div>\n\t\t\t\t<div class=\"elementor-element elementor-element-db1200c elementor-widget elementor-widget-text-editor\" data-id=\"db1200c\" data-element_type=\"widget\" data-e-type=\"widget\" data-widget_type=\"text-editor.default\">\n\t\t\t\t<div class=\"elementor-widget-container\">\n\t\t\t\t\t\t\t\t\t<p><strong>Quintus Technologies Co.,Ltd<\/strong><br \/>\nRoom 906, 9F, Verdant Place<br \/>\n128 West Nanjing Road, Shanghai, China<br \/>\nTel\u00e9fono: <a href=\"tel:+86 21 5234 0233\">+86 21 5234 0233<\/a><\/p>\n<p><a href=\"https:\/\/goo.gl\/maps\/1H4m8bfb8astt8oJ6?coh=178572&amp;entry=tt\" target=\"_blank\" rel=\"noopener\">Obtener indicaciones<\/a><\/p>\n<p><b>Soporte t\u00e9cnico<\/b><br \/>\n<a href=\"mailto:support.apac@quintusteam.com\" target=\"_blank\" rel=\"noopener\">support.apac@quintusteam.com<\/a><br \/>\nTel\u00e9fono: <a href=\"tel:+86 21 5234 0233\">+86 21 5234 0233<\/a><\/p>\n\t\t\t\t\t\t\t\t<\/div>\n\t\t\t\t<\/div>\n\t\t\t\t\t<\/div>\n\t\t\t\t<\/div>\n\t\t<style>\n                .elementor-element-7e7e8fa{\n                --padding-top: var(--webien-padding-top-none);\n                --padding-right: var(--webien-padding-right-none);\n                --padding-bottom: var(--webien-padding-bottom-none);\n                --padding-left: var(--webien-padding-left-none);\n                }\n            <\/style><div class=\"webien-container-padding-none elementor-element elementor-element-7e7e8fa e-flex e-con-boxed e-con e-parent\" data-id=\"7e7e8fa\" data-element_type=\"container\" data-e-type=\"container\">\n\t\t\t\t\t<div class=\"e-con-inner\">\n\t\t\t\t<div class=\"elementor-element elementor-element-8a7ccdd elementor-widget elementor-widget-heading\" data-id=\"8a7ccdd\" data-element_type=\"widget\" data-e-type=\"widget\" data-widget_type=\"heading.default\">\n\t\t\t\t<div class=\"elementor-widget-container\">\n\t\t\t\t\t<h3 class=\"elementor-heading-title elementor-size-default\">Asia - Japan<\/h3>\t\t\t\t<\/div>\n\t\t\t\t<\/div>\n\t\t\t\t<div class=\"elementor-element elementor-element-cb30267 elementor-widget elementor-widget-text-editor\" data-id=\"cb30267\" data-element_type=\"widget\" data-e-type=\"widget\" data-widget_type=\"text-editor.default\">\n\t\t\t\t<div class=\"elementor-widget-container\">\n\t\t\t\t\t\t\t\t\t<p><strong>Quintus Technologies<\/strong><br \/>\n9-12, Kitashinagawa 5-chome, Shinagawa-ku<br \/>\nTokyo, 141-8688, Japan<br \/>\nTel\u00e9fono: <a href=\"tel:+81-3-5739-6762\">+81-3-5739-6762<\/a><\/p>\n<p><a href=\"https:\/\/goo.gl\/maps\/B48dNPvd2XC48KCR9\" target=\"_blank\" rel=\"noopener\">Obtener indicaciones<\/a><\/p>\n<p><b>Soporte t\u00e9cnico<\/b><br \/>\n<a href=\"mailto:support.apac@quintusteam.com\" target=\"_blank\" rel=\"noopener\">support.apac@quintusteam.com<\/a><br \/>\nTel\u00e9fono: <a href=\"tel:+86 21 5234 0233\">+86 21 5234 0233<\/a><\/p>\n\t\t\t\t\t\t\t\t<\/div>\n\t\t\t\t<\/div>\n\t\t\t\t\t<\/div>\n\t\t\t\t<\/div>\n\t\t<style>\n                .elementor-element-2aa716d{\n                --padding-top: var(--webien-padding-top-none);\n                --padding-right: var(--webien-padding-right-none);\n                --padding-bottom: var(--webien-padding-bottom-none);\n                --padding-left: var(--webien-padding-left-none);\n                }\n            <\/style><div class=\"webien-container-padding-none elementor-element elementor-element-2aa716d e-flex e-con-boxed e-con e-parent\" data-id=\"2aa716d\" data-element_type=\"container\" data-e-type=\"container\">\n\t\t\t\t\t<div class=\"e-con-inner\">\n\t\t\t\t<div class=\"elementor-element elementor-element-4d01fb5 elementor-widget elementor-widget-heading\" data-id=\"4d01fb5\" data-element_type=\"widget\" data-e-type=\"widget\" data-widget_type=\"heading.default\">\n\t\t\t\t<div class=\"elementor-widget-container\">\n\t\t\t\t\t<h3 class=\"elementor-heading-title elementor-size-default\">Asia - Corea del Sur<\/h3>\t\t\t\t<\/div>\n\t\t\t\t<\/div>\n\t\t\t\t<div class=\"elementor-element elementor-element-45eb544 elementor-widget elementor-widget-text-editor\" data-id=\"45eb544\" data-element_type=\"widget\" data-e-type=\"widget\" data-widget_type=\"text-editor.default\">\n\t\t\t\t<div class=\"elementor-widget-container\">\n\t\t\t\t\t\t\t\t\t<p><strong>Quintus Technologies<\/strong><br \/>\n11th floor, 131 (Shinil Building)<br \/>\nToegye-ro, Jung-gu, 04537, Seoul, Korea<br \/>\nTel\u00e9fono: <a href=\"tel:+82 (0)70-77 47 39 21\">+82 (0)70-77 47 39 21<\/a><\/p>\n<p><a href=\"https:\/\/goo.gl\/maps\/wKuKNJPEPEu1K8FVA\" target=\"_blank\" rel=\"noopener\">Obtener indicaciones<\/a><\/p>\n<p><b>Soporte t\u00e9cnico<\/b><br \/>\n<a href=\"mailto:support.apac@quintusteam.com\" target=\"_blank\" rel=\"noopener\">support.apac@quintusteam.com<\/a><br \/>\nTel\u00e9fono: <a href=\"tel:+86 21 5234 0233\">+86 21 5234 0233<\/a><\/p>\n\t\t\t\t\t\t\t\t<\/div>\n\t\t\t\t<\/div>\n\t\t\t\t\t<\/div>\n\t\t\t\t<\/div>\n\t\t\t\t<\/div>\n\t\t\t\t\t<\/div>\n\t\t\t\t<\/div>\n\t\t\t\t<\/div>\n\t\t","protected":false},"excerpt":{"rendered":"<p>Quintus \/ Servicio y soporte \/ Comunicaci\u00f3n Estamos aqu\u00ed para ayudarle No dude en comunicarse con nosotros para hacernos llegar sus preguntas, comentarios o problemas t\u00e9cnicos,\u00a0concertar una visita\u00a0o simplemente saludar. Nuestras oficinas Europa Am\u00e9rica Asia &#8211; China Asia &#8211; Japan Asia &#8211; Corea del Sur<\/p>\n","protected":false},"author":1,"featured_media":0,"parent":0,"menu_order":-994,"comment_status":"closed","ping_status":"closed","template":"","meta":{"_acf_changed":false,"_relevanssi_hide_post":"","_relevanssi_hide_content":"","_relevanssi_pin_for_all":"","_relevanssi_pin_keywords":"","_relevanssi_unpin_keywords":"","_relevanssi_related_keywords":"","_relevanssi_related_include_ids":"","_relevanssi_related_exclude_ids":"","_relevanssi_related_no_append":"","_relevanssi_related_not_related":"","_relevanssi_related_posts":"","_relevanssi_noindex_reason":"","footnotes":""},"class_list":["post-12958","page","type-page","status-publish","hentry"],"acf":[],"_links":{"self":[{"href":"https:\/\/cn.quintustechnologies.com\/es\/wp-json\/wp\/v2\/pages\/12958","targetHints":{"allow":["GET"]}}],"collection":[{"href":"https:\/\/cn.quintustechnologies.com\/es\/wp-json\/wp\/v2\/pages"}],"about":[{"href":"https:\/\/cn.quintustechnologies.com\/es\/wp-json\/wp\/v2\/types\/page"}],"author":[{"embeddable":true,"href":"https:\/\/cn.quintustechnologies.com\/es\/wp-json\/wp\/v2\/users\/1"}],"replies":[{"embeddable":true,"href":"https:\/\/cn.quintustechnologies.com\/es\/wp-json\/wp\/v2\/comments?post=12958"}],"version-history":[{"count":10,"href":"https:\/\/cn.quintustechnologies.com\/es\/wp-json\/wp\/v2\/pages\/12958\/revisions"}],"predecessor-version":[{"id":24596,"href":"https:\/\/cn.quintustechnologies.com\/es\/wp-json\/wp\/v2\/pages\/12958\/revisions\/24596"}],"wp:attachment":[{"href":"https:\/\/cn.quintustechnologies.com\/es\/wp-json\/wp\/v2\/media?parent=12958"}],"curies":[{"name":"wp","href":"https:\/\/api.w.org\/{rel}","templated":true}]}}